{"id":4161,"date":"2025-07-08T12:39:09","date_gmt":"2025-07-08T16:39:09","guid":{"rendered":"https:\/\/todopremios.cl\/?post_type=product&#038;p=4161"},"modified":"2025-11-04T10:03:13","modified_gmt":"2025-11-04T13:03:13","slug":"boligrafo-metalico-b45","status":"publish","type":"product","link":"https:\/\/todopremios.cl\/?product=boligrafo-metalico-b45","title":{"rendered":"L\u00e1piz Bol\u00edgrafo Met\u00e1lico B45"},"content":{"rendered":"<p>L\u00e1piz Bol\u00edgrafo Met\u00e1lico B45<br \/>\nBOLIGRAFO METALICO MOD.  B45   13.4 CMS. COLOR NEGRO   P. 1 &#8211; 200<br \/>\nBol\u00edgrafo met\u00e1lico color negro.<\/p>\n<p>Tama\u00f1o \u00d81,2 cms. x 13,4 cms.<\/p>\n<p>Escritura Azul.<\/p>\n","protected":false},"excerpt":{"rendered":"<p>Bol\u00edgrafo met\u00e1lico color negro.<br \/>\nTama\u00f1o \u00d81,2 cms. x 13,4 cms.<br \/>\nEscritura Azul.<\/p>\n","protected":false},"featured_media":4162,"template":"","meta":{"_acf_changed":false},"product_brand":[],"product_cat":[66],"product_tag":[],"class_list":{"0":"post-4161","1":"product","2":"type-product","3":"status-publish","4":"has-post-thumbnail","6":"product_cat-lapices-y-boligrafos","8":"first","9":"instock","10":"sale","11":"taxable","12":"shipping-taxable","13":"purchasable","14":"product-type-simple"},"acf":[],"jetpack_sharing_enabled":true,"_links":{"self":[{"href":"https:\/\/todopremios.cl\/index.php?rest_route=\/wp\/v2\/product\/4161","targetHints":{"allow":["GET"]}}],"collection":[{"href":"https:\/\/todopremios.cl\/index.php?rest_route=\/wp\/v2\/product"}],"about":[{"href":"https:\/\/todopremios.cl\/index.php?rest_route=\/wp\/v2\/types\/product"}],"wp:featuredmedia":[{"embeddable":true,"href":"https:\/\/todopremios.cl\/index.php?rest_route=\/wp\/v2\/media\/4162"}],"wp:attachment":[{"href":"https:\/\/todopremios.cl\/index.php?rest_route=%2Fwp%2Fv2%2Fmedia&parent=4161"}],"wp:term":[{"taxonomy":"product_brand","embeddable":true,"href":"https:\/\/todopremios.cl\/index.php?rest_route=%2Fwp%2Fv2%2Fproduct_brand&post=4161"},{"taxonomy":"product_cat","embeddable":true,"href":"https:\/\/todopremios.cl\/index.php?rest_route=%2Fwp%2Fv2%2Fproduct_cat&post=4161"},{"taxonomy":"product_tag","embeddable":true,"href":"https:\/\/todopremios.cl\/index.php?rest_route=%2Fwp%2Fv2%2Fproduct_tag&post=4161"}],"curies":[{"name":"wp","href":"https:\/\/api.w.org\/{rel}","templated":true}]}}