{"id":1245,"date":"2025-04-15T00:54:39","date_gmt":"2025-04-15T04:54:39","guid":{"rendered":"https:\/\/todopremios.cl\/index.php\/producto\/galvano-de-cristal-modelo-cta-18-de-21-cms-ci-caja-azul-10\/"},"modified":"2025-11-04T10:00:09","modified_gmt":"2025-11-04T13:00:09","slug":"galvano-de-cristal-modelo-cta-18-de-21-cms-ci-caja-azul-10","status":"publish","type":"product","link":"https:\/\/todopremios.cl\/?product=galvano-de-cristal-modelo-cta-18-de-21-cms-ci-caja-azul-10","title":{"rendered":"GALVANO DE CRISTAL MODELO CTA 18 DE 21 CMS. CI CAJA AZUL (10)"},"content":{"rendered":"<p>GALVANO DE CRISTAL MODELO CTA 18 DE 21 CMS. CI CAJA AZUL (10)<br \/>\nSAD CRISTAL MODELO CTA 18 DE 21 CMS. CI CAJA AZUL (10) P 15<br \/>\nTama\u00f1o: 210 x 190 x 15mm<br \/>\nGalvano de cristal con un alto \u00edndice de refracci\u00f3n. Perfecto para grabado l\u00e1ser.Cristal de 15mm de espesor.Incluye estuche de presentaci\u00f3n azul con interior de pa\u00f1o de seda y protecci\u00f3n de aislapol.<\/p>\n","protected":false},"excerpt":{"rendered":"<p>Tama\u00f1o: 210 x 190 x 15mm<br \/>\nGalvano de cristal con un alto \u00edndice de refracci\u00f3n. Perfecto para grabado l\u00e1ser.Cristal de 15mm de espesor.Incluye estuche de presentaci\u00f3n azul con interior de pa\u00f1o de seda y protecci\u00f3n de aislapol.<\/p>\n","protected":false},"featured_media":885,"template":"","meta":{"_acf_changed":false},"product_brand":[],"product_cat":[18,69],"product_tag":[],"class_list":{"0":"post-1245","1":"product","2":"type-product","3":"status-publish","4":"has-post-thumbnail","6":"product_cat-galvanos","7":"product_cat-cristal","9":"first","10":"instock","11":"sale","12":"taxable","13":"shipping-taxable","14":"purchasable","15":"product-type-simple"},"acf":[],"jetpack_sharing_enabled":true,"_links":{"self":[{"href":"https:\/\/todopremios.cl\/index.php?rest_route=\/wp\/v2\/product\/1245","targetHints":{"allow":["GET"]}}],"collection":[{"href":"https:\/\/todopremios.cl\/index.php?rest_route=\/wp\/v2\/product"}],"about":[{"href":"https:\/\/todopremios.cl\/index.php?rest_route=\/wp\/v2\/types\/product"}],"wp:featuredmedia":[{"embeddable":true,"href":"https:\/\/todopremios.cl\/index.php?rest_route=\/wp\/v2\/media\/885"}],"wp:attachment":[{"href":"https:\/\/todopremios.cl\/index.php?rest_route=%2Fwp%2Fv2%2Fmedia&parent=1245"}],"wp:term":[{"taxonomy":"product_brand","embeddable":true,"href":"https:\/\/todopremios.cl\/index.php?rest_route=%2Fwp%2Fv2%2Fproduct_brand&post=1245"},{"taxonomy":"product_cat","embeddable":true,"href":"https:\/\/todopremios.cl\/index.php?rest_route=%2Fwp%2Fv2%2Fproduct_cat&post=1245"},{"taxonomy":"product_tag","embeddable":true,"href":"https:\/\/todopremios.cl\/index.php?rest_route=%2Fwp%2Fv2%2Fproduct_tag&post=1245"}],"curies":[{"name":"wp","href":"https:\/\/api.w.org\/{rel}","templated":true}]}}